{"id":2556,"date":"2016-10-25T14:45:18","date_gmt":"2016-10-25T14:45:18","guid":{"rendered":"https:\/\/tangentedanse.ca\/?page_id=2556\/"},"modified":"2024-09-26T15:51:13","modified_gmt":"2024-09-26T19:51:13","slug":"who-we-are","status":"publish","type":"page","link":"https:\/\/tangentedanse.ca\/en\/who-we-are\/","title":{"rendered":"Who we are"},"content":{"rendered":"<div id=\"x-content-band-1\" class=\"x-content-band vc tg-custom-headline\" style=\"background-color: transparent; padding-top: 0px; padding-bottom: 0px;\"><div class=\"x-container wpb_row\"><div  class=\"x-column x-sm vc x-1-1\" style=\"\" ><h1  class=\"h-custom-headline h1\" ><span>Who we are<\/span><\/h1><p>The first organization to specialize in dance presentation in Qu\u00e9bec, Tangente (est. 1980) champions emerging choreographers and offers contemporary dance programming from September to May. Each show is a unique experience that opens onto the experimental and the interdisciplinary. Our two intimate and transformable theatre spaces in \u00c9DIFICE WILDER \u2013 Espace danse allow us to ensure that the avant-garde and the alternative scene have a foothold in downtown Montr\u00e9al.<\/p>\n<\/div><\/div><\/div><div id=\"x-content-band-2\" class=\"x-content-band vc\" style=\"background-color: transparent; padding-top: 0px; padding-bottom: 0px;\"><div class=\"x-container wpb_row\"><div  class=\"x-column x-sm vc x-1-2\" style=\"\" ><h2  class=\"h-custom-headline h2\" ><span>Vision<\/span><\/h2><p>With the conviction that contemporary art is an essential progressive social force, Tangente contributes to creating a deep and stimulating relationship between artworks, artists and audiences, whom it wishes to leave with a significant and lasting impression. Tangente supports creativity in contemporary dance in its most diverse aesthetics and forms.<\/p>\n<\/div><div  class=\"x-column x-sm vc x-1-2\" style=\"\" ><h2  class=\"h-custom-headline\" ><span>Presented by Tangente<\/span><\/h2><p>Since its foundation in 1980, Tangente has presented the works of countless choreographers. Tangente has been a springboard for young artists, and among those who have made their first steps on our stages are Ginette Laurin (O Vertigo), Paul-Andr\u00e9 Fortier (Fortier Danse-Cr\u00e9ation), Louise B\u00e9dard, Dani\u00e8le Desnoyers (Le Carr\u00e9 des Lombes), Beno\u00eet Lachambre (Parbleux), Daniel L\u00e9veill\u00e9, Fr\u00e9d\u00e9rick Gravel (DLD), Dave St-Pierre, Jos\u00e9 Navas (Compagnie Flak), Alexandra\u00a0\u201cSpicey\u201d\u00a0Land\u00e9 (Ebnfl\u014dh), Virginie Brunelle, M\u00e9lanie Demers (Mayday Danse), Catherine Gaudet, Dana Michel, Lara Kramer (LKD)&#8230; and many others!<\/p>\n<\/div><\/div><\/div><div id=\"x-content-band-3\" class=\"x-content-band vc\" style=\"background-color: transparent; padding-top: 0px; padding-bottom: 0px;\"><div class=\"x-container wpb_row\"><div  class=\"x-column x-sm vc x-1-1\" style=\"\" ><h2  class=\"h-custom-headline h2\" ><span>History<\/span><\/h2><\/div><\/div><\/div><div id=\"x-content-band-4\" class=\"x-content-band vc blocs-historique marginless-columns man\" style=\"background-color: transparent; padding-top: 0px; padding-bottom: 0px;\"><div class=\"x-container wpb_row\"><div  class=\"x-column x-sm vc x-1-2\" style=\"\" ><div id=\"x-content-band-5\" class=\"x-content-band vc force-bg-color man\" style=\"background-color: transparent; padding-top: 0px; padding-bottom: 0px;\"><div class=\"x-container wpb_row\"><div  class=\"x-column x-sm vc bloc-histo-image x-1-2\" style=\"background-image: url('\/wp-content\/uploads\/2024\/09\/AUT23_Tangente_LABdiff-1_Illustration_Donna-donna.verygoodgirl_900x657.jpg'); background-size: cover;\" ><\/div><div  class=\"x-column x-sm vc bloc-histo tiret tiret-right x-1-2\" style=\"\" ><h3  class=\"h-custom-headline h2\" ><span>2023<\/span><\/h3><p>The curatorial team comes up with a new presentation model: LABdiff. Inspired by the laboratory, the model is designed to make way for the creative research process and its transformations. Tangente welcomes an inquisitive audience as part of eclectic and lively evenings that encourage artistic experimentation.<\/p>\n<\/div><\/div><\/div><\/div><div  class=\"x-column x-sm vc x-1-2\" style=\"\" ><div id=\"x-content-band-6\" class=\"x-content-band vc force-bg-color man\" style=\"background-color: transparent; padding-top: 0px; padding-bottom: 0px;\"><div class=\"x-container wpb_row\"><div  class=\"x-column x-sm vc bloc-histo-image x-1-2\" style=\"background-image: url('\/wp-content\/uploads\/2024\/09\/2021_Tangente_Jin-Gu-Bang-The-Golden-Stick-Ritual_chor_Charo-Foo-Tai-Wei_cr-photo_Denis-Martin_05_int_Charo-Foo-Tai-Wei.jpg'); background-size: cover;\" ><\/div><div  class=\"x-column x-sm vc bloc-histo tiret tiret-right x-1-2\" style=\"\" ><h3  class=\"h-custom-headline h2\" ><span>2020<\/span><\/h3><p>A global pandemic paralyses the already precarious performing arts sector. Forced to cancel all live performances, Tangente produces eight webcasts as well as choreographic narrations (2020-2021) so the artworks can still be experienced in some shape or form, and to support the artists.<\/p>\n<\/div><\/div><\/div><\/div><\/div><\/div><div id=\"x-content-band-7\" class=\"x-content-band vc blocs-historique marginless-columns man\" style=\"background-color: transparent; padding-top: 0px; padding-bottom: 0px;\"><div class=\"x-container wpb_row\"><div  class=\"x-column x-sm vc x-1-2\" style=\"\" ><div id=\"x-content-band-8\" class=\"x-content-band vc force-bg-color man\" style=\"background-color: transparent; padding-top: 0px; padding-bottom: 0px;\"><div class=\"x-container wpb_row\"><div  class=\"x-column x-sm vc bloc-histo tiret tiret-right x-1-2\" style=\"\" ><h3  class=\"h-custom-headline h2\" ><span>2019<\/span><\/h3><p>Following consultations with their peers and the departure of co-founder and curator Dena Davida, Tangente puts an innovative pilot project in place: a curatorial team composed of Marco Pronovost, \u00c9lisabeth-Anne Dorl\u00e9ans, Andrea Pe\u00f1a, Ivanie Aubin-Malo and Laurane Van Branteghem joins the general management team. Four years later, Jaleesa Coligny joins the team.<\/p>\n<\/div><div  class=\"x-column x-sm vc bloc-histo-image x-1-2\" style=\"background-image: url('\/wp-content\/uploads\/2020\/05\/Tangente_Commissaires_900x1042.jpg'); background-size: cover;\" ><\/div><\/div><\/div><\/div><div  class=\"x-column x-sm vc x-1-2\" style=\"\" ><div id=\"x-content-band-9\" class=\"x-content-band vc force-bg-color man\" style=\"background-color: transparent; padding-top: 0px; padding-bottom: 0px;\"><div class=\"x-container wpb_row\"><div  class=\"x-column x-sm vc bloc-histo tiret tiret-right x-1-2\" style=\"\" ><h3  class=\"h-custom-headline h2\" ><span>2017<\/span><\/h3><p>After five and a half years without a fixed location, Tangente settles in to \u00c9DIFICE WILDER \u2013 Espace danse in Quartier des spectacles. The entirely renovated building also houses Agora de la danse, \u00c9cole de danse contemporaine de Montr\u00e9al, and Les Grands Ballets.<\/p>\n<\/div><div  class=\"x-column x-sm vc bloc-histo-image x-1-2\" style=\"background-image: url('\/wp-content\/uploads\/2020\/05\/Tangente_Wilder_Photo-David-Boyer_900x900.jpg'); background-size: cover;\" ><\/div><\/div><\/div><\/div><\/div><\/div><div id=\"x-content-band-10\" class=\"x-content-band vc blocs-historique marginless-columns man\" style=\"background-color: transparent; padding-top: 0px; padding-bottom: 0px;\"><div class=\"x-container wpb_row\"><div  class=\"x-column x-sm vc x-1-2\" style=\"\" ><div id=\"x-content-band-11\" class=\"x-content-band vc force-bg-color man\" style=\"background-color: transparent; padding-top: 0px; padding-bottom: 0px;\"><div class=\"x-container wpb_row\"><div  class=\"x-column x-sm vc bloc-histo-image x-1-2\" style=\"background-image: url('\/wp-content\/uploads\/2017\/02\/Tangente_Marie-Claire-Forte_Le-projet-qui-tourne_Photographe-Denis-Martin.jpg'); background-size: cover;\" ><\/div><div  class=\"x-column x-sm vc bloc-histo tiret tiret-left x-1-2\" style=\"\" ><h3  class=\"h-custom-headline h2\" ><span>2013<\/span><\/h3><p>Initiated by Lynda Gaudreau after <em>Clash<\/em> (2006) and <em>In Limbo<\/em> (2011), <em>Studio Libre \u2013<\/em> a creative research project \u2013 allows a group of interdisciplinary artists to dive deeper into their personal work. Every year, meetings that take the form of mentorship and artistic activities lead to a public presentation at the end of the season.<\/p>\n<\/div><\/div><\/div><\/div><div  class=\"x-column x-sm vc x-1-2\" style=\"\" ><div id=\"x-content-band-12\" class=\"x-content-band vc force-bg-color marginless-columns man\" style=\"background-color: transparent; padding-top: 0px; padding-bottom: 0px;\"><div class=\"x-container wpb_row\"><div  class=\"x-column x-sm vc bloc-histo-image x-1-2\" style=\"background-image: url('\/wp-content\/uploads\/2016\/10\/Tangente_Dena-Davida-et-Stephane-Labbe-copie.jpg'); background-size: cover;\" ><\/div><div  class=\"x-column x-sm vc bloc-histo tiret tiret-left x-1-2\" style=\"\" ><h3  class=\"h-custom-headline h2\" ><span>2010<\/span><\/h3><p>Tangente launches a bicephalous model for artistic direction. St\u00e9phane Labb\u00e9 becomes artistic co-director with Dena Davida.<\/p>\n<\/div><\/div><\/div><\/div><\/div><\/div><div id=\"x-content-band-13\" class=\"x-content-band vc blocs-historique marginless-columns man\" style=\"background-color: transparent; padding-top: 0px; padding-bottom: 0px;\"><div class=\"x-container wpb_row\"><div  class=\"x-column x-sm vc x-1-2\" style=\"\" ><div id=\"x-content-band-14\" class=\"x-content-band vc force-bg-color man\" style=\"background-color: transparent; padding-top: 0px; padding-bottom: 0px;\"><div class=\"x-container wpb_row\"><div  class=\"x-column x-sm vc bloc-histo tiret tiret-right x-1-2\" style=\"\" ><h3  class=\"h-custom-headline h2\" ><span>2009<\/span><\/h3><p>To correspond with its mandate and follow the evolution of the discipline, Tangente danse contemporaine becomes Tangente Laboratoire de mouvements contemporains.<\/p>\n<\/div><div  class=\"x-column x-sm vc bloc-histo-image x-1-2\" style=\"background-image: url('\/wp-content\/uploads\/2017\/04\/Tangente_Nicolas-Cantin_Grand-Singe_Photographe-Larry-Dufresne.jpg'); background-size: cover;\" ><\/div><\/div><\/div><\/div><div  class=\"x-column x-sm vc x-1-2\" style=\"\" ><div id=\"x-content-band-15\" class=\"x-content-band vc force-bg-color man\" style=\"background-color: transparent; padding-top: 0px; padding-bottom: 0px;\"><div class=\"x-container wpb_row\"><div  class=\"x-column x-sm vc bloc-histo tiret tiret-right x-1-2\" style=\"\" ><h3  class=\"h-custom-headline h2\" ><span>2007<\/span><\/h3><p>Tangente and its artistic director Dena Davida win the Grand prix du Conseil des arts de Montr\u00e9al for its constant renewal in its role of dance presenter.<\/p>\n<\/div><div  class=\"x-column x-sm vc bloc-histo-image x-1-2\" style=\"background-image: url('\/wp-content\/uploads\/2017\/03\/Saison-27-HR.jpg'); background-size: cover;\" ><\/div><\/div><\/div><\/div><\/div><\/div><div id=\"x-content-band-16\" class=\"x-content-band vc blocs-historique marginless-columns man\" style=\"background-color: transparent; padding-top: 0px; padding-bottom: 0px;\"><div class=\"x-container wpb_row\"><div  class=\"x-column x-sm vc x-1-2\" style=\"\" ><div id=\"x-content-band-17\" class=\"x-content-band vc force-bg-color man\" style=\"background-color: transparent; padding-top: 0px; padding-bottom: 0px;\"><div class=\"x-container wpb_row\"><div  class=\"x-column x-sm vc bloc-histo-image x-1-2\" style=\"background-image: url('\/wp-content\/uploads\/2017\/03\/Tangente_France-Geoffroy_Comfort-a-retardement_Photographe-Jean-Francois-Deziel.jpg'); background-size: cover;\" ><\/div><div  class=\"x-column x-sm vc bloc-histo tiret tiret-left x-1-2\" style=\"\" ><h3  class=\"h-custom-headline h2\" ><span>2005<\/span><\/h3><p><em>Corps Atypiques<\/em> is a first series dedicated to artists who live with a physical or mental disability, and marks the will to showcase body diversity and intimacy.<\/p>\n<\/div><\/div><\/div><\/div><div  class=\"x-column x-sm vc x-1-2\" style=\"\" ><div id=\"x-content-band-18\" class=\"x-content-band vc force-bg-color man\" style=\"background-color: transparent; padding-top: 0px; padding-bottom: 0px;\"><div class=\"x-container wpb_row\"><div  class=\"x-column x-sm vc bloc-histo-image x-1-2\" style=\"background-image: url('\/wp-content\/uploads\/2017\/03\/Tangente_Nora-Chipaumire_Black-Swan_Photographe-Melanie-Claude-Bazinet.jpg'); background-size: cover;\" ><\/div><div  class=\"x-column x-sm vc bloc-histo tiret tiret-left x-1-2\" style=\"\" ><h3  class=\"h-custom-headline h2\" ><span>2004<\/span><\/h3><p>With the\u00a0<em>Danses Noires<\/em> series, Tangente offers its public the possibility to discover new and emergent contemporary African dance.<\/p>\n<\/div><\/div><\/div><\/div><\/div><\/div><div id=\"x-content-band-19\" class=\"x-content-band vc blocs-historique marginless-columns man\" style=\"background-color: transparent; padding-top: 0px; padding-bottom: 0px;\"><div class=\"x-container wpb_row\"><div  class=\"x-column x-sm vc x-1-2\" style=\"\" ><div id=\"x-content-band-20\" class=\"x-content-band vc force-bg-color man\" style=\"background-color: transparent; padding-top: 0px; padding-bottom: 0px;\"><div class=\"x-container wpb_row\"><div  class=\"x-column x-sm vc bloc-histo tiret tiret-right x-1-2\" style=\"\" ><h3  class=\"h-custom-headline h2\" ><span>2003<\/span><\/h3><p>A first series of shows is devoted to contemporary gigue with the two pioneers L\u00fck Fleury and Marie-Soleil Pillette. For 10 years, Tangente supports the artistic movement by co-presenting six editions of the Biennale de Gigue Contemporaine, a platform dedicated to research and creation.<\/p>\n<\/div><div  class=\"x-column x-sm vc bloc-histo-image x-1-2\" style=\"background-image: url('\/wp-content\/uploads\/2017\/03\/Tangente_Jean-Philippe-Lortie_Generation-Why_Photographe-Mathieu-Doyon.jpg'); background-size: cover;\" ><\/div><\/div><\/div><\/div><div  class=\"x-column x-sm vc x-1-2\" style=\"\" ><div id=\"x-content-band-21\" class=\"x-content-band vc force-bg-color man\" style=\"background-color: transparent; padding-top: 0px; padding-bottom: 0px;\"><div class=\"x-container wpb_row\"><div  class=\"x-column x-sm vc bloc-histo tiret tiret-right x-1-2\" style=\"\" ><h3  class=\"h-custom-headline h2\" ><span>2002<\/span><\/h3><p>Urban dance: A special bill dedicated to urban dance introduces choreographer Victor Quijada (RUBBERBANDance) and the merging of ballet and breakdance. By presenting choreographic works by pioneers of the genre, notably those of the B-girl collective Solid State, Tangente participates in the recognition of these new forms of hybrid dances.<\/p>\n<\/div><div  class=\"x-column x-sm vc bloc-histo-image x-1-2\" style=\"background-image: url('\/wp-content\/uploads\/2017\/03\/Tangente_Greg-Krypto-Sellinger_When-the-Clock-Strikes-Me_Photographe-Aurore-B-Pictures.jpg'); background-size: cover;\" ><\/div><\/div><\/div><\/div><\/div><\/div><div id=\"x-content-band-22\" class=\"x-content-band vc blocs-historique marginless-columns man\" style=\"background-color: transparent; padding-top: 0px; padding-bottom: 0px;\"><div class=\"x-container wpb_row\"><div  class=\"x-column x-sm vc x-1-2\" style=\"\" ><div id=\"x-content-band-23\" class=\"x-content-band vc force-bg-color man\" style=\"background-color: transparent; padding-top: 0px; padding-bottom: 0px;\"><div class=\"x-container wpb_row\"><div  class=\"x-column x-sm vc bloc-histo-image x-1-2\" style=\"background-image: url('\/wp-content\/uploads\/2016\/10\/Tangente_Marie-Julie-Asselin_Victor-et-Remi_Photographe-Melissa-Giguere-2.jpg'); background-size: cover;\" ><\/div><div  class=\"x-column x-sm vc bloc-histo tiret tiret-left x-1-2\" style=\"\" ><h3  class=\"h-custom-headline h2\" ><span>2001<\/span><\/h3><p><em>Danses en famille<\/em>: All-ages performances invite spectators to introduce children to contemporary dance.<\/p>\n<\/div><\/div><\/div><\/div><div  class=\"x-column x-sm vc x-1-2\" style=\"\" ><div id=\"x-content-band-24\" class=\"x-content-band vc force-bg-color man\" style=\"background-color: transparent; padding-top: 0px; padding-bottom: 0px;\"><div class=\"x-container wpb_row\"><div  class=\"x-column x-sm vc bloc-histo-image x-1-2\" style=\"background-image: url('\/wp-content\/uploads\/2017\/03\/Tangente_Frederic-Marier_Ils_Photographe-Nicholas-Minns.jpg'); background-size: cover;\" ><\/div><div  class=\"x-column x-sm vc bloc-histo tiret tiret-left x-1-2\" style=\"\" ><h3  class=\"h-custom-headline h2\" ><span>1997<\/span><\/h3><p><em>Printemps de la danse<\/em>: A partnership between Tangente and the Maisons de la culture network offers selected works a tour, helping them reach a new public in the Montr\u00e9al area.<\/p>\n<\/div><\/div><\/div><\/div><\/div><\/div><div id=\"x-content-band-25\" class=\"x-content-band vc blocs-historique marginless-columns man\" style=\"background-color: transparent; padding-top: 0px; padding-bottom: 0px;\"><div class=\"x-container wpb_row\"><div  class=\"x-column x-sm vc x-1-2\" style=\"\" ><div id=\"x-content-band-26\" class=\"x-content-band vc force-bg-color man\" style=\"background-color: transparent; padding-top: 0px; padding-bottom: 0px;\"><div class=\"x-container wpb_row\"><div  class=\"x-column x-sm vc bloc-histo tiret tiret-right x-1-2\" style=\"\" ><h3  class=\"h-custom-headline h2\" ><span>1993<\/span><\/h3><p><em>Ascendances<\/em>: A new series offers a multicultural point of view on contemporary dance. The selected works present cultures that influence and enrich new dances, and their input on artistic and cultural practices here.<\/p>\n<\/div><div  class=\"x-column x-sm vc bloc-histo-image x-1-2\" style=\"background-image: url('\/wp-content\/uploads\/2017\/03\/Tangente_Mira_Hunter_Century-of-Small_Photographe-Sandra-Lynn-Belanger.jpg'); background-size: cover;\" ><\/div><\/div><\/div><\/div><div  class=\"x-column x-sm vc x-1-2\" style=\"\" ><div id=\"x-content-band-27\" class=\"x-content-band vc force-bg-color man\" style=\"background-color: transparent; padding-top: 0px; padding-bottom: 0px;\"><div class=\"x-container wpb_row\"><div  class=\"x-column x-sm vc bloc-histo tiret tiret-right x-1-2\" style=\"\" ><h3  class=\"h-custom-headline h2\" ><span>1991<\/span><\/h3><p>Tangente signs a 20-year agreement with the new organisation Agora de la danse. The old national palestra, completely renovated, also hosts Danse-Cit\u00e9 and the UQAM Dance Department. The contract lays the groundwork for the priority occupation of the Atelier, a venue with a 91-spectator capacity that will become L\u2019Espace Tangente.<\/p>\n<\/div><div  class=\"x-column x-sm vc bloc-histo-image x-1-2\" style=\"background-image: url('\/wp-content\/uploads\/2017\/04\/Tangente_agoradeladaanse-Fondateurs-1990.jpg'); background-size: cover;\" ><\/div><\/div><\/div><\/div><\/div><\/div><div id=\"x-content-band-28\" class=\"x-content-band vc blocs-historique marginless-columns man\" style=\"background-color: transparent; padding-top: 0px; padding-bottom: 0px;\"><div class=\"x-container wpb_row\"><div  class=\"x-column x-sm vc x-1-2\" style=\"\" ><div id=\"x-content-band-29\" class=\"x-content-band vc force-bg-color man\" style=\"background-color: transparent; padding-top: 0px; padding-bottom: 0px;\"><div class=\"x-container wpb_row\"><div  class=\"x-column x-sm vc bloc-histo-image x-1-2\" style=\"background-image: url('\/wp-content\/uploads\/2017\/03\/Tangente_Katya-Marie-Germain_Folds_Photographe-Svetla-Atanasova.jpg'); background-size: cover;\" ><\/div><div  class=\"x-column x-sm vc bloc-histo tiret tiret-left x-1-2\" style=\"\" ><h3  class=\"h-custom-headline h2\" ><span>1988<\/span><\/h3><p>The international series <em>Mue-Danse<\/em>, in collaboration with the Mus\u00e9e d\u2019art contemporain de Montr\u00e9al, proposes to Tangente and the multimedia venue of the museum hybrid projects that entertain a relationship with the visual arts.<\/p>\n<\/div><\/div><\/div><\/div><div  class=\"x-column x-sm vc x-1-2\" style=\"\" ><div id=\"x-content-band-30\" class=\"x-content-band vc force-bg-color man\" style=\"background-color: transparent; padding-top: 0px; padding-bottom: 0px;\"><div class=\"x-container wpb_row\"><div  class=\"x-column x-sm vc bloc-histo-image x-1-2\" style=\"background-image: url('\/wp-content\/uploads\/2018\/04\/Tangente_Georges-Nicolas-Tremblay_Le-Phenix_Photographe-Nicholas-Minns-3.jpg'); background-size: cover;\" ><\/div><div  class=\"x-column x-sm vc bloc-histo tiret tiret-left x-1-2\" style=\"\" ><h3  class=\"h-custom-headline h2\" ><span>1983<\/span><\/h3><p><em>Moment&#8217;homme<\/em>: The first edition of this festival dedicated to male choreographers reflects a new vision: dance seen by the contemporary man.<\/p>\n<\/div><\/div><\/div><\/div><\/div><\/div><div id=\"x-content-band-31\" class=\"x-content-band vc blocs-historique marginless-columns man\" style=\"background-color: transparent; padding-top: 0px; padding-bottom: 0px;\"><div class=\"x-container wpb_row\"><div  class=\"x-column x-sm vc x-1-2\" style=\"\" ><div id=\"x-content-band-32\" class=\"x-content-band vc force-bg-color man\" style=\"background-color: transparent; padding-top: 0px; padding-bottom: 0px;\"><div class=\"x-container wpb_row\"><div  class=\"x-column x-sm vc bloc-histo tiret tiret-right x-1-2\" style=\"\" ><h3  class=\"h-custom-headline h2\" ><span>1983<\/span><\/h3><p><em>Portes Ouvertes aux Universit\u00e9s<\/em>: The idea of gathering pieces under thematic series marks the beginning of what will become a special feature of Tangente\u2019s programming. One of the first such series,\u00a0<em>Portes Ouvertes aux Universit\u00e9s<\/em>, becomes <em>Danses Buissonni\u00e8res<\/em> in 1994 and offers the next generation of creators their first professional opportunity before a public.<\/p>\n<\/div><div  class=\"x-column x-sm vc bloc-histo-image x-1-2\" style=\"background-image: url('\/wp-content\/uploads\/2017\/03\/Tangente_Collective-Quantum_Mandala_Photographe-Aurore-B-Pictures.jpg'); background-size: cover;\" ><\/div><\/div><\/div><\/div><div  class=\"x-column x-sm vc x-1-2\" style=\"\" ><div id=\"x-content-band-33\" class=\"x-content-band vc force-bg-color man\" style=\"background-color: transparent; padding-top: 0px; padding-bottom: 0px;\"><div class=\"x-container wpb_row\"><div  class=\"x-column x-sm vc bloc-histo tiret tiret-right x-1-2\" style=\"\" ><h3  class=\"h-custom-headline h2\" ><span>1980<\/span><\/h3><p>At 1602 Saint-Laurent Boulevard, a collective of artists composed of Dena Davida, Howard Abrams, Louis Guillemette and Silvy Panet-Raymond opens the first space dedicated to the contemporary dance scene in Qu\u00e9bec. On top of a dance resource centre, the programming of the studio-th\u00e9\u00e2tre proposes internships, discussions, experimental and informal dance shows. In the adjacent space at 1596, an art gallery hosts all forms of artistic activities that deal with motion.<\/p>\n<\/div><div  class=\"x-column x-sm vc bloc-histo-image x-1-2\" style=\"background-image: url('\/wp-content\/uploads\/2017\/03\/Tangente_Dena-Davida_Photographe-Robert-Etcheverry.jpg'); background-size: cover;\" ><\/div><\/div><\/div><\/div><\/div><\/div>\n","protected":false},"excerpt":{"rendered":"Who we areThe first organization to specialize in dance presentation in Qu\u00e9bec, Tangente (est. 1980)&hellip;","protected":false},"author":8,"featured_media":0,"parent":0,"menu_order":0,"comment_status":"closed","ping_status":"closed","template":"template-blank-1.php","meta":{"_acf_changed":false,"footnotes":""},"class_list":["post-2556","page","type-page","status-publish","hentry","no-post-thumbnail"],"acf":[],"_links":{"self":[{"href":"https:\/\/tangentedanse.ca\/en\/wp-json\/wp\/v2\/pages\/2556"}],"collection":[{"href":"https:\/\/tangentedanse.ca\/en\/wp-json\/wp\/v2\/pages"}],"about":[{"href":"https:\/\/tangentedanse.ca\/en\/wp-json\/wp\/v2\/types\/page"}],"author":[{"embeddable":true,"href":"https:\/\/tangentedanse.ca\/en\/wp-json\/wp\/v2\/users\/8"}],"replies":[{"embeddable":true,"href":"https:\/\/tangentedanse.ca\/en\/wp-json\/wp\/v2\/comments?post=2556"}],"version-history":[{"count":93,"href":"https:\/\/tangentedanse.ca\/en\/wp-json\/wp\/v2\/pages\/2556\/revisions"}],"predecessor-version":[{"id":34978,"href":"https:\/\/tangentedanse.ca\/en\/wp-json\/wp\/v2\/pages\/2556\/revisions\/34978"}],"wp:attachment":[{"href":"https:\/\/tangentedanse.ca\/en\/wp-json\/wp\/v2\/media?parent=2556"}],"curies":[{"name":"wp","href":"https:\/\/api.w.org\/{rel}","templated":true}]}}