{"id":18500,"date":"2020-03-12T22:58:06","date_gmt":"2020-03-12T22:58:06","guid":{"rendered":"https:\/\/tangentedanse.ca\/?page_id=18500"},"modified":"2020-10-03T18:56:06","modified_gmt":"2020-10-03T18:56:06","slug":"covid-19","status":"publish","type":"page","link":"https:\/\/tangentedanse.ca\/en\/covid-19\/","title":{"rendered":"COVID-19"},"content":{"rendered":"<div id=\"x-content-band-1\" class=\"x-content-band vc tg-custom-headline\" style=\"background-color: transparent; padding-top: 0px; padding-bottom: 0px;\"><div class=\"x-container wpb_row\"><div  class=\"x-column x-sm vc x-1-1\" style=\"\" ><h1  class=\"h-custom-headline h1\" ><span>COVID-19<\/span><\/h1><\/div><\/div><\/div><div id=\"x-content-band-2\" class=\"x-content-band vc\" style=\"background-color: transparent; padding-top: 0px; padding-bottom: 0px;\"><div class=\"x-container wpb_row\"><div  class=\"x-column x-sm vc x-1-1\" style=\"\" ><hr  class=\"x-gap\" style=\"margin: 1.313em 0 0 0;\"><\/div><\/div><\/div><div id=\"x-content-band-3\" class=\"x-content-band vc\" style=\"background-color: transparent; padding-top: 0px; padding-bottom: 0px;\"><div class=\"x-container wpb_row\"><div  class=\"x-column x-sm vc x-1-1\" style=\"\" >\n\t<div class=\"wpb_text_column wpb_content_element\" >\n\t\t<div class=\"wpb_wrapper\">\n\t\t\t<p>Read <a href=\"https:\/\/mailchi.mp\/tangentedanse\/our-plan-for-the-future?e\" target=\"_blank\" rel=\"noopener noreferrer\">a message from our executive director<\/a> published on June 26.<\/p>\n\n\t\t<\/div>\n\t<\/div>\n<\/div><\/div><\/div><div id=\"x-content-band-4\" class=\"x-content-band vc\" style=\"background-color: transparent; padding-top: 0px; padding-bottom: 0px;\"><div class=\"x-container wpb_row\"><div  class=\"x-column x-sm vc x-1-1\" style=\"\" ><hr  class=\"x-hr\" ><\/div><\/div><\/div><div id=\"x-content-band-5\" class=\"x-content-band vc\" style=\"background-color: transparent; padding-top: 0px; padding-bottom: 0px;\"><div class=\"x-container wpb_row\"><div  class=\"x-column x-sm vc x-1-1\" style=\"\" >\n\t<div class=\"wpb_text_column wpb_content_element\" >\n\t\t<div class=\"wpb_wrapper\">\n\t\t\t<p>It\u2019s with much regret that we must bring our 2020 winter\/spring season to a close following the latest announcements by the public authorities. A silent end, without the stirring movement of bodies on stage that we preciously keep in our imagination until we can rediscover it when the live arts will once again be a shared experience.<\/p>\n<p>Our hearts are heavy with disappointment, both for our spectators and for all the artists who have worked on or contributed to the 25 works that unfortunately had to suddenly be cancelled:<\/p>\n<ul>\n<li><a href=\"https:\/\/tangentedanse.ca\/en\/event\/sebastien-provencher-mathieu-leroux\/?utm_source=ABONN%C3%89S+INFOLETTRE+%2B+PASSES+DANSE&amp;utm_campaign=6f3f379852-EMAIL_CAMPAIGN_2019_06_07_05_50_COPY_01&amp;utm_medium=email&amp;utm_term=0_749c38cb2f-6f3f379852-\" target=\"_blank\" rel=\"noopener noreferrer\" data-saferedirecturl=\"https:\/\/www.google.com\/url?q=https:\/\/tangentedanse.ca\/en\/event\/sebastien-provencher-mathieu-leroux\/?utm_source%3DABONN%25C3%2589S%2BINFOLETTRE%2B%252B%2BPASSES%2BDANSE%26utm_campaign%3D6f3f379852-EMAIL_CAMPAIGN_2019_06_07_05_50_COPY_01%26utm_medium%3Demail%26utm_term%3D0_749c38cb2f-6f3f379852-&amp;source=gmail&amp;ust=1586553048216000&amp;usg=AFQjCNH_omn9fFDfF-1iTuLs1VGM4zf1hQ\"><strong>S\u00e9bastien Provencher &amp; Mathieu Leroux<\/strong><\/a>\u00a0|\u00a0March 19, 20, 21 &amp; 22<\/li>\n<li><a href=\"https:\/\/tangentedanse.ca\/en\/event\/hanna-sybille-muller-erin-robinsong-hugo-dalphond-helene-messier\/?utm_source=ABONN%C3%89S+INFOLETTRE+%2B+PASSES+DANSE&amp;utm_campaign=6f3f379852-EMAIL_CAMPAIGN_2019_06_07_05_50_COPY_01&amp;utm_medium=email&amp;utm_term=0_749c38cb2f-6f3f379852-\" target=\"_blank\" rel=\"noopener noreferrer\" data-saferedirecturl=\"https:\/\/www.google.com\/url?q=https:\/\/tangentedanse.ca\/en\/event\/hanna-sybille-muller-erin-robinsong-hugo-dalphond-helene-messier\/?utm_source%3DABONN%25C3%2589S%2BINFOLETTRE%2B%252B%2BPASSES%2BDANSE%26utm_campaign%3D6f3f379852-EMAIL_CAMPAIGN_2019_06_07_05_50_COPY_01%26utm_medium%3Demail%26utm_term%3D0_749c38cb2f-6f3f379852-&amp;source=gmail&amp;ust=1586553048216000&amp;usg=AFQjCNHrDxEs86IBocT6BLBal7Ck62fOjg\"><strong>Hanna Sybille M\u00fcller &amp; Erin Robinsong + Hugo Dalphond + H\u00e9l\u00e8ne Messier<\/strong><\/a>\u00a0|\u00a0March 26, 27,\u00a028 &amp; 29<\/li>\n<li><a href=\"https:\/\/tangentedanse.ca\/en\/event\/sarah-wendt-pascal-dufaux\/?utm_source=ABONN%C3%89S+INFOLETTRE+%2B+PASSES+DANSE&amp;utm_campaign=6f3f379852-EMAIL_CAMPAIGN_2019_06_07_05_50_COPY_01&amp;utm_medium=email&amp;utm_term=0_749c38cb2f-6f3f379852-\" target=\"_blank\" rel=\"noopener noreferrer\" data-saferedirecturl=\"https:\/\/www.google.com\/url?q=https:\/\/tangentedanse.ca\/en\/event\/sarah-wendt-pascal-dufaux\/?utm_source%3DABONN%25C3%2589S%2BINFOLETTRE%2B%252B%2BPASSES%2BDANSE%26utm_campaign%3D6f3f379852-EMAIL_CAMPAIGN_2019_06_07_05_50_COPY_01%26utm_medium%3Demail%26utm_term%3D0_749c38cb2f-6f3f379852-&amp;source=gmail&amp;ust=1586553048216000&amp;usg=AFQjCNHtFzq5LKPFx2VJGVq-9l9XZLZ1VQ\"><strong>Sarah Wendt &amp; Pascal Dufaux<\/strong><\/a>\u00a0|\u00a0April 2, 3, 4 &amp; 5<\/li>\n<li><a href=\"https:\/\/tangentedanse.ca\/en\/event\/pulsations\/?utm_source=ABONN%C3%89S+INFOLETTRE+%2B+PASSES+DANSE&amp;utm_campaign=6f3f379852-EMAIL_CAMPAIGN_2019_06_07_05_50_COPY_01&amp;utm_medium=email&amp;utm_term=0_749c38cb2f-6f3f379852-\" target=\"_blank\" rel=\"noopener noreferrer\" data-saferedirecturl=\"https:\/\/www.google.com\/url?q=https:\/\/tangentedanse.ca\/en\/event\/pulsations\/?utm_source%3DABONN%25C3%2589S%2BINFOLETTRE%2B%252B%2BPASSES%2BDANSE%26utm_campaign%3D6f3f379852-EMAIL_CAMPAIGN_2019_06_07_05_50_COPY_01%26utm_medium%3Demail%26utm_term%3D0_749c38cb2f-6f3f379852-&amp;source=gmail&amp;ust=1586553048216000&amp;usg=AFQjCNFEXkeHgEz0mk0-Sci48DywskkIWQ\"><strong>Tangente &amp; Agora de la danse\u2019s fundraising gala<\/strong><\/a>\u00a0|\u00a0April 8<\/li>\n<li><a href=\"https:\/\/tangentedanse.ca\/en\/event\/ingrid-vallus-marilyn-daoust-gabriel-leger-savard\/?utm_source=ABONN%C3%89S+INFOLETTRE+%2B+PASSES+DANSE&amp;utm_campaign=6f3f379852-EMAIL_CAMPAIGN_2019_06_07_05_50_COPY_01&amp;utm_medium=email&amp;utm_term=0_749c38cb2f-6f3f379852-\" target=\"_blank\" rel=\"noopener noreferrer\" data-saferedirecturl=\"https:\/\/www.google.com\/url?q=https:\/\/tangentedanse.ca\/en\/event\/ingrid-vallus-marilyn-daoust-gabriel-leger-savard\/?utm_source%3DABONN%25C3%2589S%2BINFOLETTRE%2B%252B%2BPASSES%2BDANSE%26utm_campaign%3D6f3f379852-EMAIL_CAMPAIGN_2019_06_07_05_50_COPY_01%26utm_medium%3Demail%26utm_term%3D0_749c38cb2f-6f3f379852-&amp;source=gmail&amp;ust=1586553048216000&amp;usg=AFQjCNF1lDiN2oleUru3prHzX13fAuahzg\"><strong>Ingrid Vallus + Marilyn Daoust &amp; Gabriel L\u00e9ger-Savard<\/strong><\/a>\u00a0|\u00a0April 16, 17, 18 &amp; 19<\/li>\n<li><a href=\"https:\/\/tangentedanse.ca\/en\/event\/les-soirees-100lux-2020\/?utm_source=ABONN%C3%89S+INFOLETTRE+%2B+PASSES+DANSE&amp;utm_campaign=6f3f379852-EMAIL_CAMPAIGN_2019_06_07_05_50_COPY_01&amp;utm_medium=email&amp;utm_term=0_749c38cb2f-6f3f379852-\" target=\"_blank\" rel=\"noopener noreferrer\" data-saferedirecturl=\"https:\/\/www.google.com\/url?q=https:\/\/tangentedanse.ca\/en\/event\/les-soirees-100lux-2020\/?utm_source%3DABONN%25C3%2589S%2BINFOLETTRE%2B%252B%2BPASSES%2BDANSE%26utm_campaign%3D6f3f379852-EMAIL_CAMPAIGN_2019_06_07_05_50_COPY_01%26utm_medium%3Demail%26utm_term%3D0_749c38cb2f-6f3f379852-&amp;source=gmail&amp;ust=1586553048216000&amp;usg=AFQjCNEwft67MCks6yRqO044b7640ZnE6g\"><strong>Les Soir\u00e9es 100Lux 2020<\/strong><\/a>\u00a0| April 23, 24, 25 &amp; 26<\/li>\n<li><a href=\"https:\/\/tangentedanse.ca\/en\/event\/festival-kickstart-2020\/?utm_source=ABONN%C3%89S+INFOLETTRE+%2B+PASSES+DANSE&amp;utm_campaign=6f3f379852-EMAIL_CAMPAIGN_2019_06_07_05_50_COPY_01&amp;utm_medium=email&amp;utm_term=0_749c38cb2f-6f3f379852-\" target=\"_blank\" rel=\"noopener noreferrer\" data-saferedirecturl=\"https:\/\/www.google.com\/url?q=https:\/\/tangentedanse.ca\/en\/event\/festival-kickstart-2020\/?utm_source%3DABONN%25C3%2589S%2BINFOLETTRE%2B%252B%2BPASSES%2BDANSE%26utm_campaign%3D6f3f379852-EMAIL_CAMPAIGN_2019_06_07_05_50_COPY_01%26utm_medium%3Demail%26utm_term%3D0_749c38cb2f-6f3f379852-&amp;source=gmail&amp;ust=1586553048216000&amp;usg=AFQjCNGgboFawk7l-mYafHXInltOEzHFow\"><strong>Festival KickStart 2020<\/strong><\/a>\u00a0| May 1, 2 &amp; 3<\/li>\n<li><a href=\"https:\/\/tangentedanse.ca\/en\/event\/virginie-brunelle-jessica-serli-james-viveiros\/?utm_source=ABONN%C3%89S+INFOLETTRE+%2B+PASSES+DANSE&amp;utm_campaign=6f3f379852-EMAIL_CAMPAIGN_2019_06_07_05_50_COPY_01&amp;utm_medium=email&amp;utm_term=0_749c38cb2f-6f3f379852-\" target=\"_blank\" rel=\"noopener noreferrer\" data-saferedirecturl=\"https:\/\/www.google.com\/url?q=https:\/\/tangentedanse.ca\/en\/event\/virginie-brunelle-jessica-serli-james-viveiros\/?utm_source%3DABONN%25C3%2589S%2BINFOLETTRE%2B%252B%2BPASSES%2BDANSE%26utm_campaign%3D6f3f379852-EMAIL_CAMPAIGN_2019_06_07_05_50_COPY_01%26utm_medium%3Demail%26utm_term%3D0_749c38cb2f-6f3f379852-&amp;source=gmail&amp;ust=1586553048216000&amp;usg=AFQjCNGMiLs5GGO_G86mmMPrhd5LPLu76w\"><em><strong>Les danses \u00e0 deux temps<\/strong><\/em><\/a>\u00a0| May 13, 14, 15 &amp; 16<\/li>\n<li><a href=\"https:\/\/tangentedanse.ca\/en\/event\/clara-furey-ti-nguyen-yotam-peled\/?utm_source=ABONN%C3%89S+INFOLETTRE+%2B+PASSES+DANSE&amp;utm_campaign=6f3f379852-EMAIL_CAMPAIGN_2019_06_07_05_50_COPY_01&amp;utm_medium=email&amp;utm_term=0_749c38cb2f-6f3f379852-\" target=\"_blank\" rel=\"noopener noreferrer\" data-saferedirecturl=\"https:\/\/www.google.com\/url?q=https:\/\/tangentedanse.ca\/en\/event\/clara-furey-ti-nguyen-yotam-peled\/?utm_source%3DABONN%25C3%2589S%2BINFOLETTRE%2B%252B%2BPASSES%2BDANSE%26utm_campaign%3D6f3f379852-EMAIL_CAMPAIGN_2019_06_07_05_50_COPY_01%26utm_medium%3Demail%26utm_term%3D0_749c38cb2f-6f3f379852-&amp;source=gmail&amp;ust=1586553048216000&amp;usg=AFQjCNEeHSDQWDo5AlkXDdQ1IUcprTfG_Q\"><em><strong>Les danses de mai, Opus 2020<\/strong><\/em><\/a>\u00a0| May 20, 21, 22 &amp; 23<\/li>\n<\/ul>\n<p>The\u00a0<a href=\"https:\/\/offta.com\/?utm_source=ABONN%C3%89S+INFOLETTRE+%2B+PASSES+DANSE&amp;utm_campaign=6f3f379852-EMAIL_CAMPAIGN_2019_06_07_05_50_COPY_01&amp;utm_medium=email&amp;utm_term=0_749c38cb2f-6f3f379852-\" target=\"_blank\" rel=\"noopener noreferrer\" data-saferedirecturl=\"https:\/\/www.google.com\/url?q=https:\/\/offta.com\/?utm_source%3DABONN%25C3%2589S%2BINFOLETTRE%2B%252B%2BPASSES%2BDANSE%26utm_campaign%3D6f3f379852-EMAIL_CAMPAIGN_2019_06_07_05_50_COPY_01%26utm_medium%3Demail%26utm_term%3D0_749c38cb2f-6f3f379852-&amp;source=gmail&amp;ust=1586553048216000&amp;usg=AFQjCNE--aMYy27QoD6gX9mk0BMASZRF0A\">OFFTA<\/a>\u00a0shows that were set to take place on our stages at the end of May also had to be cancelled.<\/p>\n<p>In spite of these unpredictable times, we are touched by our audience\u2019s incomparable display of solidarity and generosity. Many of you have turned your ticket refund into a donation to help alleviate the financial repercussions of this crisis on Tangente, which commits to honouring its contracts with all of its artists and contract employees. We sincerely thank you.<\/p>\n<p>As we are working from home since our office is closed for the time being, staff members can be reached by\u00a0<a href=\"https:\/\/tangentedanse.ca\/en\/contact\/?utm_source=ABONN%C3%89S+INFOLETTRE+%2B+PASSES+DANSE&amp;utm_campaign=6f3f379852-EMAIL_CAMPAIGN_2019_06_07_05_50_COPY_01&amp;utm_medium=email&amp;utm_term=0_749c38cb2f-6f3f379852-\" target=\"_blank\" rel=\"noopener noreferrer\" data-saferedirecturl=\"https:\/\/www.google.com\/url?q=https:\/\/tangentedanse.ca\/en\/contact\/?utm_source%3DABONN%25C3%2589S%2BINFOLETTRE%2B%252B%2BPASSES%2BDANSE%26utm_campaign%3D6f3f379852-EMAIL_CAMPAIGN_2019_06_07_05_50_COPY_01%26utm_medium%3Demail%26utm_term%3D0_749c38cb2f-6f3f379852-&amp;source=gmail&amp;ust=1586553048216000&amp;usg=AFQjCNEa_79v4SkRUTS9hv5SIL_z0xtOFw\">email<\/a>\u00a0as we prepare our next season, which will mark Tangente\u2019s 40<sup>th<\/sup>\u00a0anniversary. The on-site box office is also closed but is still providing services by\u00a0<a href=\"mailto:billetterie@tangentedanse.ca\" target=\"_blank\" rel=\"noopener noreferrer\">email<\/a>\u00a0Wednesdays to Fridays between noon and 6 pm.<\/p>\n<p>We invite you to visit our\u00a0<a href=\"https:\/\/tangentedanse.ca\/en\/?utm_source=ABONN%C3%89S+INFOLETTRE+%2B+PASSES+DANSE&amp;utm_campaign=6f3f379852-EMAIL_CAMPAIGN_2019_06_07_05_50_COPY_01&amp;utm_medium=email&amp;utm_term=0_749c38cb2f-6f3f379852-\" target=\"_blank\" rel=\"noopener noreferrer\" data-saferedirecturl=\"https:\/\/www.google.com\/url?q=https:\/\/tangentedanse.ca\/en\/?utm_source%3DABONN%25C3%2589S%2BINFOLETTRE%2B%252B%2BPASSES%2BDANSE%26utm_campaign%3D6f3f379852-EMAIL_CAMPAIGN_2019_06_07_05_50_COPY_01%26utm_medium%3Demail%26utm_term%3D0_749c38cb2f-6f3f379852-&amp;source=gmail&amp;ust=1586553048216000&amp;usg=AFQjCNFACcyIdTNVOao3jdQN9YwPpqkkMA\">website<\/a>\u00a0and\u00a0<a href=\"https:\/\/www.facebook.com\/TangenteDanse\/?utm_source=ABONN%C3%89S+INFOLETTRE+%2B+PASSES+DANSE&amp;utm_campaign=6f3f379852-EMAIL_CAMPAIGN_2019_06_07_05_50_COPY_01&amp;utm_medium=email&amp;utm_term=0_749c38cb2f-6f3f379852-\" target=\"_blank\" rel=\"noopener noreferrer\" data-saferedirecturl=\"https:\/\/www.google.com\/url?q=https:\/\/www.facebook.com\/TangenteDanse\/?utm_source%3DABONN%25C3%2589S%2BINFOLETTRE%2B%252B%2BPASSES%2BDANSE%26utm_campaign%3D6f3f379852-EMAIL_CAMPAIGN_2019_06_07_05_50_COPY_01%26utm_medium%3Demail%26utm_term%3D0_749c38cb2f-6f3f379852-&amp;source=gmail&amp;ust=1586553048216000&amp;usg=AFQjCNFqXDruNgDTbFGz9GWeqjAsOyXLfw\">Facebook page<\/a>\u00a0for the latest updates on the current situation and for news about our upcoming season.<\/p>\n<p>We hope to see you soon.<br \/>\nTake good care of yourselves and each other.<\/p>\n<p>St\u00e9phane Labb\u00e9<br \/>\nExecutive Director and International Projects Curator<\/p>\n<p>&nbsp;<\/p>\n<p style=\"text-align: right;\"><em>Last update: June 26, 2020<\/em><\/p>\n\n\t\t<\/div>\n\t<\/div>\n<\/div><\/div><\/div>\n","protected":false},"excerpt":{"rendered":"COVID-19 Read a message from our executive director published on June 26. It\u2019s with much&hellip;","protected":false},"author":13,"featured_media":0,"parent":0,"menu_order":0,"comment_status":"closed","ping_status":"closed","template":"template-blank-1.php","meta":{"_acf_changed":false,"footnotes":""},"class_list":["post-18500","page","type-page","status-publish","hentry","no-post-thumbnail"],"acf":[],"_links":{"self":[{"href":"https:\/\/tangentedanse.ca\/en\/wp-json\/wp\/v2\/pages\/18500"}],"collection":[{"href":"https:\/\/tangentedanse.ca\/en\/wp-json\/wp\/v2\/pages"}],"about":[{"href":"https:\/\/tangentedanse.ca\/en\/wp-json\/wp\/v2\/types\/page"}],"author":[{"embeddable":true,"href":"https:\/\/tangentedanse.ca\/en\/wp-json\/wp\/v2\/users\/13"}],"replies":[{"embeddable":true,"href":"https:\/\/tangentedanse.ca\/en\/wp-json\/wp\/v2\/comments?post=18500"}],"version-history":[{"count":26,"href":"https:\/\/tangentedanse.ca\/en\/wp-json\/wp\/v2\/pages\/18500\/revisions"}],"predecessor-version":[{"id":19596,"href":"https:\/\/tangentedanse.ca\/en\/wp-json\/wp\/v2\/pages\/18500\/revisions\/19596"}],"wp:attachment":[{"href":"https:\/\/tangentedanse.ca\/en\/wp-json\/wp\/v2\/media?parent=18500"}],"curies":[{"name":"wp","href":"https:\/\/api.w.org\/{rel}","templated":true}]}}