{"id":18432,"date":"2020-03-11T02:44:11","date_gmt":"2020-03-11T02:44:11","guid":{"rendered":"https:\/\/tangentedanse.ca\/?page_id=18432"},"modified":"2021-01-14T15:48:40","modified_gmt":"2021-01-14T15:48:40","slug":"doll-exhibition","status":"publish","type":"page","link":"https:\/\/tangentedanse.ca\/en\/doll-exhibition\/","title":{"rendered":"Doll Exhibition"},"content":{"rendered":"<div id=\"x-content-band-1\" class=\"x-content-band vc bloc-side-img\" style=\"background-color: transparent; padding-top: 0px; padding-bottom: 0px;\"><div class=\"x-container wpb_row\"><div  class=\"x-column x-sm vc x-1-2\" style=\"\" ><h1  class=\"h-custom-headline h1\" ><span>Doll Exhibition<\/span><\/h1><\/div><\/div><\/div><div id=\"x-content-band-2\" class=\"x-content-band vc\" style=\"background-color: transparent; padding-top: 0px; padding-bottom: 0px;\"><div class=\"x-container wpb_row\"><div  class=\"x-column x-sm vc x-1-2\" style=\"\" ><h2  class=\"h-custom-headline h2\" ><span><strong>A word from our curator<br \/>\nIvanie Aubin-Malo<\/strong><\/span><\/h2><p>\u201cFor my first project as a guest curator, I wanted to highlight the enduring presence of Indigenous people in Tio\u2019tia:ke, in Montr\u00e9al, through a mode of artistic expression related to dance that would serve as a tangible symbol to echo the land acknowledgement included in our program and recited before each performance.<\/p>\n<p>I reached out to Sylvain Rivard, a seasoned multidisciplinary artist who focuses on various aspects of First Nations culture. His knowledge of languages allows him to transmit songs and tales with accuracy and respect.<\/p>\n<p>His understanding of material culture allows him to create contemporary art while drawing heavily on ancestral techniques. His work connects with fields as varied as museology, cinematography, television, education, and publishing.<\/p>\n<p>I know how powerfully art can fuel thought and act as a doorway to other cultures. I hope this exhibition will spark your interest in learning more about First Nations.\u201d<\/p>\n<\/div><div  class=\"x-column x-sm vc x-1-2\" style=\"\" ><hr  class=\"x-gap\" style=\"margin: 1.313em 0 0 0;\"><hr  class=\"x-gap\" style=\"margin: 1.313em 0 0 0;\"><hr  class=\"x-gap\" style=\"margin: 1.313em 0 0 0;\"><h2  class=\"h-custom-headline h2\" ><span><\/span><\/h2>\n\t<div  class=\"wpb_single_image wpb_content_element vc_align_left wpb_content_element\">\n\t\t\n\t\t<figure class=\"wpb_wrapper vc_figure\">\n\t\t\t<div class=\"vc_single_image-wrapper   vc_box_border_grey\"><img decoding=\"async\" width=\"300\" height=\"200\" src=\"https:\/\/tangentedanse.ca\/wp-content\/uploads\/2019\/05\/Tangente_Ivanie-Aubin-Malo_Photo-Sylvain-Verstricht-300x200.jpg\" class=\"vc_single_image-img attachment-medium\" alt=\"Ivanie Aubin-Malo \u00a9 Photo Sylvain Verstricht\" title=\"Tangente_Ivanie-Aubin-Malo_Photo-Sylvain-Verstricht\" srcset=\"https:\/\/tangentedanse.ca\/wp-content\/uploads\/2019\/05\/Tangente_Ivanie-Aubin-Malo_Photo-Sylvain-Verstricht-300x200.jpg 300w, https:\/\/tangentedanse.ca\/wp-content\/uploads\/2019\/05\/Tangente_Ivanie-Aubin-Malo_Photo-Sylvain-Verstricht-100x67.jpg 100w, https:\/\/tangentedanse.ca\/wp-content\/uploads\/2019\/05\/Tangente_Ivanie-Aubin-Malo_Photo-Sylvain-Verstricht.jpg 700w\" sizes=\"(max-width: 300px) 100vw, 300px\" \/><\/div><figcaption class=\"vc_figure-caption\">Ivanie Aubin-Malo \u00a9 Sylvain Verstricht<\/figcaption>\n\t\t<\/figure>\n\t<\/div>\n<\/div><\/div><\/div><div id=\"x-content-band-3\" class=\"x-content-band vc\" style=\"background-color: transparent; padding-top: 0px; padding-bottom: 0px;\"><div class=\"x-container wpb_row\"><div  class=\"x-column x-sm vc x-1-2\" style=\"\" ><h2  class=\"h-custom-headline h2\" ><span><strong>Sylvain Rivard<br \/>\nBiography<\/strong><\/span><\/h2><p>\u201cWhy leave artefacts to scientists and art to First Nations artists when syncretism is possible?\u201d<\/p>\n<p>With a certificate in multidisciplinary studies and youth literature, Sylvain Rivard specializes in First Nations art and culture. He has written a collection of tales titled <em>Contes du trou d\u2019cul <\/em>published by Cornac in 2010 and three books of legends, including <em>Moz en cinq temps<\/em>, selected by the International Youth Library in Munich in 2012. For a comprehensive list of his works, visit his <a href=\"https:\/\/kwahiatonhk.com\/auteurs\/sylvain-rivard\/\" target=\"_blank\" rel=\"noopener noreferrer\">website<\/a>.<\/p>\n<\/div><div  class=\"x-column x-sm vc x-1-2\" style=\"\" ><hr  class=\"x-gap\" style=\"margin: 1.313em 0 0 0;\"><hr  class=\"x-gap\" style=\"margin: 1.313em 0 0 0;\"><hr  class=\"x-gap\" style=\"margin: 1.313em 0 0 0;\"><h2  class=\"h-custom-headline h2\" ><span><\/span><\/h2>\n\t<div  class=\"wpb_single_image wpb_content_element vc_align_left wpb_content_element\">\n\t\t\n\t\t<figure class=\"wpb_wrapper vc_figure\">\n\t\t\t<div class=\"vc_single_image-wrapper   vc_box_border_grey\"><img decoding=\"async\" width=\"300\" height=\"200\" src=\"https:\/\/tangentedanse.ca\/wp-content\/uploads\/2020\/03\/WEBSylvain_Rivard_photo_credit_Angel-Horn_700x467-300x200.jpg\" class=\"vc_single_image-img attachment-medium\" alt=\"\" title=\"Sylvain Rivard \u00a9 Angel Horn\" srcset=\"https:\/\/tangentedanse.ca\/wp-content\/uploads\/2020\/03\/WEBSylvain_Rivard_photo_credit_Angel-Horn_700x467-300x200.jpg 300w, https:\/\/tangentedanse.ca\/wp-content\/uploads\/2020\/03\/WEBSylvain_Rivard_photo_credit_Angel-Horn_700x467-100x67.jpg 100w, https:\/\/tangentedanse.ca\/wp-content\/uploads\/2020\/03\/WEBSylvain_Rivard_photo_credit_Angel-Horn_700x467.jpg 700w\" sizes=\"(max-width: 300px) 100vw, 300px\" \/><\/div><figcaption class=\"vc_figure-caption\">Sylvain Rivard \u00a9 Angel Horn (Kahnawake)<\/figcaption>\n\t\t<\/figure>\n\t<\/div>\n<\/div><\/div><\/div><div id=\"x-content-band-4\" class=\"x-content-band vc\" style=\"background-color: transparent; padding-top: 0px; padding-bottom: 0px;\"><div class=\"x-container wpb_row\"><div  class=\"x-column x-sm vc x-1-2\" style=\"\" ><h2  class=\"h-custom-headline h2\" ><span>Poup\u00e9e Alt\u00e9rit\u00e9<\/span><\/h2><p>Title: POUP\u00c9E ALT\u00c9RIT\u00c9<br \/>\nArtist: Sylvain Rivard, aka Vainvard<br \/>\nYear: 2019<\/p>\n<p>Materials:<\/p>\n<ul>\n<li>Goat skin<\/li>\n<li>Eel skin<\/li>\n<li>Saint-Armand paper<\/li>\n<li>Cotton and silk thread<\/li>\n<\/ul>\n<p>Articulated territory-figurine evoking a rift, a world that needs mending, embodying various dualities: day and night, gold and silver, cotton and silk, land and humanity, fauna and flora, as well as two cultures. The doll represents Vainvard\u2019s idea of the Other during childhood, a time when everything remains to be done, redone, and discovered.<\/p>\n<\/div><div  class=\"x-column x-sm vc x-1-2\" style=\"\" ><hr  class=\"x-gap\" style=\"margin: 1.313em 0 0 0;\"><h2  class=\"h-custom-headline h2\" ><span><\/span><\/h2>\n\t<div  class=\"wpb_single_image wpb_content_element vc_align_left wpb_content_element\">\n\t\t\n\t\t<figure class=\"wpb_wrapper vc_figure\">\n\t\t\t<div class=\"vc_single_image-wrapper   vc_box_border_grey\"><img decoding=\"async\" width=\"269\" height=\"300\" src=\"https:\/\/tangentedanse.ca\/wp-content\/uploads\/2020\/03\/PoupeeAlterite_crop-1-269x300.jpg\" class=\"vc_single_image-img attachment-medium\" alt=\"\" title=\"PoupeeAlterite_crop\" srcset=\"https:\/\/tangentedanse.ca\/wp-content\/uploads\/2020\/03\/PoupeeAlterite_crop-1-269x300.jpg 269w, https:\/\/tangentedanse.ca\/wp-content\/uploads\/2020\/03\/PoupeeAlterite_crop-1-768x856.jpg 768w, https:\/\/tangentedanse.ca\/wp-content\/uploads\/2020\/03\/PoupeeAlterite_crop-1-100x111.jpg 100w, https:\/\/tangentedanse.ca\/wp-content\/uploads\/2020\/03\/PoupeeAlterite_crop-1.jpg 810w\" sizes=\"(max-width: 269px) 100vw, 269px\" \/><\/div><figcaption class=\"vc_figure-caption\">Sylvain Rivard \u00a9 Sylvain Verstricht<\/figcaption>\n\t\t<\/figure>\n\t<\/div>\n<\/div><\/div><\/div><div id=\"x-content-band-5\" class=\"x-content-band vc\" style=\"background-color: transparent; padding-top: 0px; padding-bottom: 0px;\"><div class=\"x-container wpb_row\"><div  class=\"x-column x-sm vc x-1-2\" style=\"\" ><h2  class=\"h-custom-headline h2\" ><span>Dear Deer Doll<\/span><\/h2><p>Title: DEAR DEER DOLL<br \/>\nArtist: Sylvain Rivard, aka Vainvard<br \/>\nYear: 2019<\/p>\n<p>Materials:<\/p>\n<ul>\n<li>Deer skin<\/li>\n<li>Horse skin<\/li>\n<li>Eel skin<\/li>\n<li>Saint-Armand paper<\/li>\n<li>Waxed synthetic thread<\/li>\n<li>Cardboard<\/li>\n<\/ul>\n<p>This doll represents the silhouette of Mattel\u2019s original Ken doll (1961) wearing deer antlers and 3D glasses. It is inspired by North American pop culture (capitalism) as well as hunting (subsistence), two spheres shared by Indigenous and non-Indigenous people.<\/p>\n<p>This semi-articulated half-human and half-animal doll evokes movement and dance. The glasses are a nod to the world of cinema, video, and edited images.<\/p>\n<\/div><div  class=\"x-column x-sm vc x-1-2\" style=\"\" ><hr  class=\"x-gap\" style=\"margin: 1.313em 0 0 0;\"><h2  class=\"h-custom-headline h2\" ><span><\/span><\/h2>\n\t<div  class=\"wpb_single_image wpb_content_element vc_align_left wpb_content_element\">\n\t\t\n\t\t<figure class=\"wpb_wrapper vc_figure\">\n\t\t\t<div class=\"vc_single_image-wrapper   vc_box_border_grey\"><img decoding=\"async\" width=\"173\" height=\"300\" src=\"https:\/\/tangentedanse.ca\/wp-content\/uploads\/2020\/03\/PoupeeRegardsHybrides_crop-173x300.jpg\" class=\"vc_single_image-img attachment-medium\" alt=\"\" title=\"PoupeeRegardsHybrides_crop\" srcset=\"https:\/\/tangentedanse.ca\/wp-content\/uploads\/2020\/03\/PoupeeRegardsHybrides_crop-173x300.jpg 173w, https:\/\/tangentedanse.ca\/wp-content\/uploads\/2020\/03\/PoupeeRegardsHybrides_crop-592x1024.jpg 592w, https:\/\/tangentedanse.ca\/wp-content\/uploads\/2020\/03\/PoupeeRegardsHybrides_crop-100x173.jpg 100w, https:\/\/tangentedanse.ca\/wp-content\/uploads\/2020\/03\/PoupeeRegardsHybrides_crop.jpg 751w\" sizes=\"(max-width: 173px) 100vw, 173px\" \/><\/div><figcaption class=\"vc_figure-caption\">Sylvain Rivard \u00a9 Sylvain Verstricht<\/figcaption>\n\t\t<\/figure>\n\t<\/div>\n<\/div><\/div><\/div><div id=\"x-content-band-6\" class=\"x-content-band vc\" style=\"background-color: transparent; padding-top: 0px; padding-bottom: 0px;\"><div class=\"x-container wpb_row\"><div  class=\"x-column x-sm vc x-1-2\" style=\"\" ><h2  class=\"h-custom-headline h2\" ><span>Poup\u00e9e de feu<\/span><\/h2><p>Title: POUP\u00c9E DE FEU<br \/>\nArtist: Sylvain Rivard, aka Vainvard<br \/>\nYear: 2020<\/p>\n<p>Materials:<\/p>\n<ul>\n<li>Bison bladder filled with old doll limbs<\/li>\n<li>Untanned deer skin<\/li>\n<li>Synthetic thread<\/li>\n<li>Dyed deer hair<\/li>\n<li>Plastic<\/li>\n<li>Porcelain<\/li>\n<\/ul>\n<p>A will-\u2018o-the-wisp, <em>feu follet<\/em> or cheba\u00efsweda with the appearance of the Buddha or the Chinese Milefo; contains the principle of movement.<\/p>\n<\/div><div  class=\"x-column x-sm vc x-1-2\" style=\"\" ><hr  class=\"x-gap\" style=\"margin: 1.313em 0 0 0;\"><h2  class=\"h-custom-headline h2\" ><span><\/span><\/h2>\n\t<div  class=\"wpb_single_image wpb_content_element vc_align_left wpb_content_element\">\n\t\t\n\t\t<figure class=\"wpb_wrapper vc_figure\">\n\t\t\t<div class=\"vc_single_image-wrapper   vc_box_border_grey\"><img decoding=\"async\" width=\"225\" height=\"300\" src=\"https:\/\/tangentedanse.ca\/wp-content\/uploads\/2021\/01\/PoupeeDeFeu-225x300.jpg\" class=\"vc_single_image-img attachment-medium\" alt=\"Poup\u00e9e de feu \u00a9 Sylvain Rivard\" title=\"Poup\u00e9e de feu \u00a9 Sylvain Rivard\" srcset=\"https:\/\/tangentedanse.ca\/wp-content\/uploads\/2021\/01\/PoupeeDeFeu-225x300.jpg 225w, https:\/\/tangentedanse.ca\/wp-content\/uploads\/2021\/01\/PoupeeDeFeu-100x133.jpg 100w, https:\/\/tangentedanse.ca\/wp-content\/uploads\/2021\/01\/PoupeeDeFeu.jpg 675w\" sizes=\"(max-width: 225px) 100vw, 225px\" \/><\/div><figcaption class=\"vc_figure-caption\">Poup\u00e9e de feu \u00a9 Sylvain Rivard<\/figcaption>\n\t\t<\/figure>\n\t<\/div>\n<\/div><\/div><\/div><div id=\"x-content-band-7\" class=\"x-content-band vc\" style=\"background-color: transparent; padding-top: 0px; padding-bottom: 0px;\"><div class=\"x-container wpb_row\"><div  class=\"x-column x-sm vc x-2-3\" style=\"\" >\n\t<div class=\"wpb_text_column wpb_content_element\" >\n\t\t<div class=\"wpb_wrapper\">\n\t\t\t<p style=\"text-align: center;\"><em>This project is part of Tangente\u2019s <a href=\"https:\/\/tangentedanse.ca\/en\/joinin\/\" target=\"_blank\" rel=\"noopener noreferrer\">Culture+<\/a> series, which comprises various activities designed to stimulate the body and enrich the mind. Tangente thanks the Canada Council for the Arts for supporting the Culture+ series.<\/em><\/p>\n\n\t\t<\/div>\n\t<\/div>\n<\/div><div  class=\"x-column x-sm vc x-1-3\" style=\"\" ><\/div><\/div><\/div>\n","protected":false},"excerpt":{"rendered":"Doll ExhibitionA word from our curator Ivanie Aubin-Malo\u201cFor my first project as a guest curator,&hellip;","protected":false},"author":13,"featured_media":0,"parent":0,"menu_order":0,"comment_status":"closed","ping_status":"closed","template":"template-blank-1.php","meta":{"_acf_changed":false,"footnotes":""},"class_list":["post-18432","page","type-page","status-publish","hentry","no-post-thumbnail"],"acf":[],"_links":{"self":[{"href":"https:\/\/tangentedanse.ca\/en\/wp-json\/wp\/v2\/pages\/18432"}],"collection":[{"href":"https:\/\/tangentedanse.ca\/en\/wp-json\/wp\/v2\/pages"}],"about":[{"href":"https:\/\/tangentedanse.ca\/en\/wp-json\/wp\/v2\/types\/page"}],"author":[{"embeddable":true,"href":"https:\/\/tangentedanse.ca\/en\/wp-json\/wp\/v2\/users\/13"}],"replies":[{"embeddable":true,"href":"https:\/\/tangentedanse.ca\/en\/wp-json\/wp\/v2\/comments?post=18432"}],"version-history":[{"count":38,"href":"https:\/\/tangentedanse.ca\/en\/wp-json\/wp\/v2\/pages\/18432\/revisions"}],"predecessor-version":[{"id":20396,"href":"https:\/\/tangentedanse.ca\/en\/wp-json\/wp\/v2\/pages\/18432\/revisions\/20396"}],"wp:attachment":[{"href":"https:\/\/tangentedanse.ca\/en\/wp-json\/wp\/v2\/media?parent=18432"}],"curies":[{"name":"wp","href":"https:\/\/api.w.org\/{rel}","templated":true}]}}