{"id":1771,"date":"2016-12-01T15:57:00","date_gmt":"2016-12-01T15:57:00","guid":{"rendered":"https:\/\/tangentedanse.ca\/?page_id=1771\/"},"modified":"2026-02-19T15:39:44","modified_gmt":"2026-02-19T20:39:44","slug":"support-us","status":"publish","type":"page","link":"https:\/\/tangentedanse.ca\/en\/support-us\/","title":{"rendered":"Support Us"},"content":{"rendered":"<div id=\"x-content-band-1\" class=\"x-content-band vc tg-custom-headline\" style=\"background-color: transparent; padding-top: 0px; padding-bottom: 0px;\"><div class=\"x-container wpb_row\"><div  class=\"x-column x-sm vc x-1-1\" style=\"\" ><h1  class=\"h-custom-headline h1\" ><span>Support us<\/span><\/h1><p>Tangente is a non-profit organization, which is why your support is so important to us. Both corporate and individual donors can choose from a number of donation or sponsorship options. Simply select the one that is best for you.<\/p>\n<p>Our sincere thanks for your generous support!<\/p>\n<\/div><\/div><\/div><div id=\"x-content-band-2\" class=\"x-content-band vc\" style=\"background-color: transparent; padding-top: 0px; padding-bottom: 0px; display: none;\"><div class=\"x-container wpb_row\"><div  class=\"x-column x-sm vc x-1-1\" style=\"\" ><h2  class=\"h-custom-headline h2\" ><span>\n<h2 class=\"h-custom-headline h2\">Make a donation<\/h2>\n<\/span><\/h2><\/div><\/div><\/div><div id=\"x-content-band-3\" class=\"x-content-band vc man\" style=\"background-color: transparent; padding-top: 0px; padding-bottom: 0px; display: none;\"><div class=\"x-container wpb_row\"><div id=\"1405\" class=\"x-column x-sm vc x-1-2\" style=\"\" ><img decoding=\"async\"  class=\"x-img x-img-none\"  src=\"https:\/\/tangentedanse.ca\/wp-content\/uploads\/2025\/04\/Tuxedo-Faire-un-don-695-x-500.png\" ><\/div><div  class=\"x-column x-sm vc x-1-2\" style=\"\" ><p>Couldn&#8217;t make it to La Soir\u00e9e don\u2019t vous \u00eates les h\u00e9ros? It&#8217;s not too late to <a href=\"https:\/\/tangentedanse-philanthropie.tuxedobillet.com\/main\/heros-faire-un-don-2025\" target=\"_blank\" rel=\"noopener\">make a donation<\/a> and help Tangente reach its goal of $25,000! Following our philanthropic event, we are 80% of the way to our goal. <strong>All funds raised are entirely dedicated to our CR\u00c9ATION Fund and are used to support emerging contemporary dance artists presented by Tangente.<\/strong> Each year, Tangente invests close to $100,000 in new creations. Your donation contributes to the professionalization of emerging contemporary dance artists.<\/p>\n<p>THANK YOU for your generosity!<\/p>\n<\/div><\/div><\/div><div id=\"x-content-band-4\" class=\"x-content-band vc\" style=\"background-color: transparent; padding-top: 0px; padding-bottom: 0px; display: none;\"><div class=\"x-container wpb_row\"><div  class=\"x-column x-sm vc x-1-1\" style=\"\" ><h2  class=\"h-custom-headline h2\" ><span>Donnez Dansez<\/span><\/h2><\/div><\/div><\/div><div id=\"x-content-band-5\" class=\"x-content-band vc man\" style=\"background-color: transparent; padding-top: 0px; padding-bottom: 0px; display: none;\"><div class=\"x-container wpb_row\"><div id=\"1405\" class=\"x-column x-sm vc x-1-2\" style=\"\" ><img decoding=\"async\"  class=\"x-img x-img-none\"  src=\"https:\/\/tangentedanse.ca\/wp-content\/uploads\/2021\/04\/dd-1920x1080-1.jpg\" ><\/div><div  class=\"x-column x-sm vc x-1-2\" style=\"\" ><p><strong>SUPPORT THE CREATIONS OF TOMORROW!<\/strong><\/p>\n<p>The Donnez Dansez campaign is a fundraiser by Tangente and <a href=\"https:\/\/agoradanse.com\/en\/\" target=\"_blank\" rel=\"noopener noreferrer\">Agora de la danse<\/a>, which are joining forces to better support both new and established artists, and assist them in their work and future development. All donations go directly toward supporting artists and their creations.<\/p>\n<p>&nbsp;<\/p>\n<p><strong>Why donate to Donnez Dansez?<\/strong><\/p>\n<p>Because you want to:<\/p>\n<ul>\n<li><strong>encourage<\/strong> the creation of the choreographic works of tomorrow<\/li>\n<li><strong>show<\/strong> your love of creation and contribute to the <strong>vitality of contemporary dance in Qu\u00e9bec<\/strong><\/li>\n<li><strong>provide <\/strong>artists and their collaborators with <strong>optimal conditions for creation <\/strong>by giving them time in the performance space and access to specialized resources and equipment<\/li>\n<li><strong>promote<\/strong> contemporary dance in Montr\u00e9al<\/li>\n<li><strong>introduce the youth to this essential art <\/strong>through workshops for non-dancers in <strong>primary and secondary schools<\/strong><\/li>\n<\/ul>\n<p>There is no such thing as a small donation!<\/p>\n<p><a href=\"https:\/\/www.canadahelps.org\/en\/dn\/13378\/?v1=true\" target=\"_blank\" rel=\"noopener noreferrer\">To join the Donnez Dansez adventure, click here.<\/a><\/p>\n<p><strong>Because you <em>can<\/em> make a difference!\u00a0<\/strong><\/p>\n<p>&nbsp;<\/p>\n<p>If you have any questions, please contact <a href=\"mailto:info@donnezdansez.com\">info@donnezdansez.com<\/a><\/p>\n<\/div><\/div><\/div><div id=\"x-content-band-6\" class=\"x-content-band vc\" style=\"background-color: transparent; padding-top: 0px; padding-bottom: 0px;\"><div class=\"x-container wpb_row\"><div  class=\"x-column x-sm vc x-1-1\" style=\"\" ><hr  class=\"x-gap\" style=\"margin: 1.313em 0 0 0;\"><\/div><\/div><\/div><div id=\"x-content-band-7\" class=\"x-content-band vc\" style=\"background-color: transparent; padding-top: 0px; padding-bottom: 0px;\"><div class=\"x-container wpb_row\"><div  class=\"x-column x-sm vc x-1-1\" style=\"\" ><h2  class=\"h-custom-headline h2\" ><span>Philanthropic event<\/p>\n<p>LA SOIR\u00c9E DONT VOUS \u00caTES LES H\u00c9ROS<span style=\"font-weight: 400;\"><br \/>\n<\/span>March 26, 2026<\/span><\/h2><\/div><\/div><\/div><div id=\"x-content-band-8\" class=\"x-content-band vc man\" style=\"background-color: transparent; padding-top: 0px; padding-bottom: 0px;\"><div class=\"x-container wpb_row\"><div id=\"1405\" class=\"x-column x-sm vc x-1-2\" style=\"\" ><img decoding=\"async\"  class=\"x-img x-img-none\"  src=\"https:\/\/tangentedanse.ca\/wp-content\/uploads\/2025\/12\/HIV26_Tangente_LSDVELH_Site-Web-Appuyez-nous-986-x-757.png\" ><\/div><div  class=\"x-column x-sm vc x-1-2\" style=\"\" ><p><strong>5pm Cocktail reception and buffet<\/strong><br \/>\n<strong>7pm Show<\/strong><\/p>\n<p>A philanthropic movement for contemporary dance<\/p>\n<p>Tangente is pleased to invite you to the third edition of its annual philanthropic event, in which you are the heroes, for <a href=\"https:\/\/tangentedanse.ca\/en\/event\/la-soiree-dont-vous-etes-le-heros-2\/\" rel=\"noopener\">the premiere of Les Furtives + Joy Rider<\/a>. Our novel formula continues to make philanthropy accessible to anyone, allowing all donors to be heroes regardless of their contribution.<\/p>\n<p>Once again this year, Tangente is on a mission to keep its event costs low. Donations go directly to a fund to help promote artists and their creations. Our aim remains maximizing the impact of every dollar donated to concretely support emerging artists as they take their first steps on stage, in a movement of pure philanthropy whose sole purpose is to increase the performance fees of the artists presented by\u00a0<strong>Tangente<\/strong>.<\/p>\n<p>There are no small donations. Whatever the amount, every donation makes a concrete and valuable difference in the work we do.\u00a0<strong>If you\u2019re motivated to get involved in our community, then you\u2019re a philanthropist!<\/strong><\/p>\n<p><strong>Thank you for joining us in heroically supporting the future of the emerging performing arts!<\/strong><\/p>\n<p>&nbsp;<\/p>\n<p><span style=\"font-weight: 400;\">Benefactor Hero: $53<br \/>\n($20 tax receipt)<\/span><\/p>\n<p><span style=\"font-weight: 400;\">Iconic Hero: $103<br \/>\n($70 tax receipt)<\/span><\/p>\n<p><span style=\"font-weight: 400;\">Epic Hero: $153<br \/>\n($120 tax receipt)<\/span><\/p>\n<p><span style=\"font-weight: 400;\">Legendary Hero: $253<br \/>\n($220 tax receipt)<\/span><\/p>\n<p><a class=\"x-btn x-btn-bouton\" href=\"https:\/\/tangentedanse-philanthropie.tuxedobillet.com\/\" target=\"_blank\" rel=\"noopener noreferrer\">Buy<\/a><\/p>\n<p>&nbsp;<\/p>\n<p>You aren\u2019t free on March 26? You can still be a heroine or a hero of the evening by making a donation.<\/p>\n<p>Tax receipts will be issued for all donations of $20 or more.<\/p>\n<p><a class=\"x-btn x-btn-bouton\" href=\"https:\/\/tangentedanse-philanthropie.tuxedobillet.com\/main\/heros-faire-un-don-2026\" target=\"_blank\" rel=\"noopener noreferrer\">Make a donation!<\/a><\/p>\n<\/div><\/div><\/div><div id=\"x-content-band-9\" class=\"x-content-band vc\" style=\"background-color: transparent; padding-top: 0px; padding-bottom: 0px;\"><div class=\"x-container wpb_row\"><div  class=\"x-column x-sm vc x-1-1\" style=\"\" ><hr  class=\"x-gap\" style=\"margin: 1.313em 0 0 0;\"><\/div><\/div><\/div><div id=\"x-content-band-10\" class=\"x-content-band vc\" style=\"background-color: transparent; padding-top: 0px; padding-bottom: 0px; display: none;\"><div class=\"x-container wpb_row\"><div  class=\"x-column x-sm vc x-1-1\" style=\"\" ><h2  class=\"h-custom-headline h2\" ><span>Athletic Challenges<\/span><\/h2><\/div><\/div><\/div><div id=\"x-content-band-11\" class=\"x-content-band vc man\" style=\"background-color: transparent; padding-top: 0px; padding-bottom: 0px; display: none;\"><div class=\"x-container wpb_row\"><div id=\"1381\" class=\"x-column x-sm vc x-1-2\" style=\"\" ><img decoding=\"async\"  class=\"x-img\"  src=\"https:\/\/tangentedanse.ca\/wp-content\/uploads\/2017\/08\/Tangente_21km.jpg\" ><\/div><div  class=\"x-column x-sm vc x-1-2\" style=\"\" ><p>In recent years, members of the Tangente team, together with our many collaborators, have laced up their running shoes to help raise funds by participating in special athletic events linked to crowdfunding campaigns. Whether in support of our educational activities or to finance the Prix de la Danse de Montr\u00e9al, these competitions are wonderful occasions to exercise, socialize and enjoy each other\u2019s company, all for a good cause.<\/p>\n<p><strong>Half-marathon 2015<\/strong>: $2500 raised<br \/>\n<strong>Triathlon 2015<\/strong>: $2130 raised<br \/>\n<strong>Half-marathon 2013<\/strong>: $2658 raised<\/p>\n<\/div><\/div><\/div><div id=\"x-content-band-12\" class=\"x-content-band vc\" style=\"background-color: transparent; padding-top: 0px; padding-bottom: 0px;\"><div class=\"x-container wpb_row\"><div  class=\"x-column x-sm vc x-1-2\" style=\"\" ><h2  class=\"h-custom-headline h2\" ><span>Crowdfunding<\/span><\/h2><p><span style=\"font-weight: 400;\">Each year since 2016, Tangente provides ten artists who are part of its season guidance and financial support for the creation of a crowdfunding campaign. This innovative concept in the Montr\u00e9al cultural industry is realized in partnership with the<\/span> <a href=\"https:\/\/www.artsmontreal.org\/en\" target=\"_blank\" rel=\"noopener noreferrer\"><b>Conseil des arts de Montr\u00e9al<\/b><\/a><span style=\"font-weight: 400;\">, <\/span><a href=\"https:\/\/www.desjardins.com\/en\/votre_caisse\/democratie\/index.jsp?transit=81592262\" target=\"_blank\" rel=\"noopener noreferrer\"><b>Caisse Desjardins de la Culture<\/b><\/a><span style=\"font-weight: 400;\"> and <\/span><a href=\"https:\/\/laruchequebec.com\/en\" target=\"_blank\" rel=\"noopener noreferrer\"><b>La Ruche<\/b><\/a><span style=\"font-weight: 400;\">, and received the Prix <\/span><a href=\"http:\/\/www.baam-org.com\/fr\/a-propos\/prix-ardi\" target=\"_blank\" rel=\"noopener noreferrer\"><b>Ardi in 2017<\/b><\/a><span style=\"font-weight: 400;\">. The program offers training through a workshop and conferences on fundraising, money management, and cultural marketing given by Val\u00e9rie Germain of La Ruche Grand Montr\u00e9al; Chantal D\u00e9ry, <\/span><span style=\"font-weight: 400;\">Market Development Senior Advisor<\/span><span style=\"font-weight: 400;\"> at Caisse Desjardins de la Culture; and Renaud Legoux, Professor at <\/span><a href=\"https:\/\/www.hec.ca\/en\/index.html\" target=\"_blank\" rel=\"noopener noreferrer\"><b>HEC Montr\u00e9al<\/b><\/a><span style=\"font-weight: 400;\">. The Conseil des arts de Montr\u00e9al and Caisse Desjardins de la Culture each add $500 to the first $1000 the artists raise.<\/span><\/p>\n<\/div><div  class=\"x-column x-sm vc x-1-2\" style=\"\" ><h2  class=\"h-custom-headline h2\" ><span>Firms &amp; Corporations<\/span><\/h2><p>Have the name of your firm associated with a major organization in Qu\u00e9bec contemporary art! As a partner, you will enjoy high visibility among our audience while making a strong contribution to the growth and development of emerging local talents. Support comes in many forms: acting as a season partner, sponsoring a series or a performance, becoming a major sponsor of our venues or our events, or working with us in an associate partnership. Let&#8217;s talk about what best suits you!<\/p>\n<\/div><\/div><\/div><div id=\"x-content-band-13\" class=\"x-content-band vc\" style=\"background-color: transparent; padding-top: 0px; padding-bottom: 0px;\"><div class=\"x-container wpb_row\"><div  class=\"x-column x-sm vc bloc-vert x-1-2\" style=\"\" ><p class=\"titre\" style=\"text-align: left;\"><strong>INFORMATION<\/strong><\/p>\n<p style=\"text-align: left;\">Julie Desch\u00eanes, Executive Director<br \/>\n514 525-5584 ext. 27<br \/>\n<a href=\"mailto:dg@tangentedanse.ca\">dg@tangentedanse.ca<\/a><\/p>\n<\/div><div  class=\"x-column x-sm vc x-1-2\" style=\"\" ><\/div><\/div><\/div>\n","protected":false},"excerpt":{"rendered":"Support usTangente is a non-profit organization, which is why your support is so important to&hellip;","protected":false},"author":8,"featured_media":32969,"parent":0,"menu_order":0,"comment_status":"closed","ping_status":"closed","template":"template-blank-1.php","meta":{"_acf_changed":false,"footnotes":""},"class_list":["post-1771","page","type-page","status-publish","has-post-thumbnail","hentry"],"acf":[],"_links":{"self":[{"href":"https:\/\/tangentedanse.ca\/en\/wp-json\/wp\/v2\/pages\/1771"}],"collection":[{"href":"https:\/\/tangentedanse.ca\/en\/wp-json\/wp\/v2\/pages"}],"about":[{"href":"https:\/\/tangentedanse.ca\/en\/wp-json\/wp\/v2\/types\/page"}],"author":[{"embeddable":true,"href":"https:\/\/tangentedanse.ca\/en\/wp-json\/wp\/v2\/users\/8"}],"replies":[{"embeddable":true,"href":"https:\/\/tangentedanse.ca\/en\/wp-json\/wp\/v2\/comments?post=1771"}],"version-history":[{"count":117,"href":"https:\/\/tangentedanse.ca\/en\/wp-json\/wp\/v2\/pages\/1771\/revisions"}],"predecessor-version":[{"id":40470,"href":"https:\/\/tangentedanse.ca\/en\/wp-json\/wp\/v2\/pages\/1771\/revisions\/40470"}],"wp:featuredmedia":[{"embeddable":true,"href":"https:\/\/tangentedanse.ca\/en\/wp-json\/wp\/v2\/media\/32969"}],"wp:attachment":[{"href":"https:\/\/tangentedanse.ca\/en\/wp-json\/wp\/v2\/media?parent=1771"}],"curies":[{"name":"wp","href":"https:\/\/api.w.org\/{rel}","templated":true}]}}