{"id":1152,"date":"2016-11-25T17:01:45","date_gmt":"2016-11-25T17:01:45","guid":{"rendered":"https:\/\/tangentedanse.ca\/en\/ateliers-jeunesse\/"},"modified":"2026-01-14T15:41:18","modified_gmt":"2026-01-14T20:41:18","slug":"school-activities","status":"publish","type":"page","link":"https:\/\/tangentedanse.ca\/en\/school-activities\/","title":{"rendered":"Schools"},"content":{"rendered":"<div id=\"x-content-band-1\" class=\"x-content-band vc tg-custom-headline\" style=\"background-color: transparent; padding-top: 0px; padding-bottom: 0px;\"><div class=\"x-container wpb_row\"><div  class=\"x-column x-sm vc x-1-1\" style=\"\" ><h1  class=\"h-custom-headline h1\" ><span>Schools<\/span><\/h1><p>We love to share our passion for contemporary dance with school groups. Our cultural mediation approach is rooted in human interaction and rests on values we hold dear, such as kindness, collaboration, generosity, inventiveness, intimacy, and risk-taking. We are convinced that contemporary art is a social force and we support creativity in contemporary dance in all its aesthetic movements and diverse forms.<\/p>\n<\/div><\/div><\/div><div id=\"x-content-band-2\" class=\"x-content-band vc\" style=\"background-color: transparent; padding-top: 0px; padding-bottom: 0px;\"><div class=\"x-container wpb_row\"><div  class=\"x-column x-sm vc x-1-2\" style=\"\" ><h2  class=\"h-custom-headline nmt-d h3\" ><span>School Trip<\/span><\/h2><\/div><div  class=\"x-column x-sm vc x-1-2\" style=\"\" ><h2  class=\"h-custom-headline nmt-d h3\" ><span>A Show for Young Audiences in November 2025!<\/span><\/h2><\/div><\/div><\/div><div id=\"x-content-band-3\" class=\"x-content-band vc\" style=\"background-color: transparent; padding-top: 0px; padding-bottom: 0px;\"><div class=\"x-container wpb_row\"><div  class=\"x-column x-sm vc x-1-2\" style=\"\" ><p>Our usual package includes<\/p>\n<ul>\n<li>Before: Preparatory workshop in the classroom + teaching guide<\/li>\n<li>During: Reception, 30-to-45-minute performance (depending on the work and the academic level) followed by a 15-minute discussion with the creative team<br \/>\nTotal duration of the activity: between 1h30 and 2h<\/li>\n<li>After: Possibility of a feedback workshop on the show<\/li>\n<\/ul>\n<p>Cost<\/p>\n<ul>\n<li>Live performance and discussion: $15 + taxes per student, free for chaperones<\/li>\n<li>Preparatory workshop (length: 1 school period): $270 + taxes per class<\/li>\n<\/ul>\n<p>Additional workshops offered on the same day are at a reduced rate:<\/p>\n<ul>\n<li>1 workshop: $270<\/li>\n<li>2 workshops: $420<\/li>\n<li>3 workshops: $535<\/li>\n<li>4 workshops: $744<\/li>\n<\/ul>\n<p>*Transport and per diem costs for artists may apply.<\/p>\n<p><a class=\"x-btn x-btn-bouton\" href=\"https:\/\/tangentedanse.ca\/wp-content\/uploads\/2025\/05\/AUT25_CELINE-RICHARD-ROBICHON_Scolaire.pdf\" target=\"_blank\" rel=\"noopener noreferrer\">Click here for more information (in French)<\/a><\/p>\n<\/div><div  class=\"x-column x-sm vc x-1-2\" style=\"\" ><p>NOVEMBER 5, 2025 AT 10AM<br \/>\nNOVEMBER 6, 2025 AT 10AM<br \/>\nNOVEMBER 7, 2025 AT 10AM<\/p>\n<p>155 seats per performance<\/p>\n<p>C\u00c9LINE RICHARD ROBICHON<br \/>\n<em>imag\u00e9<\/em><\/p>\n<p><span style=\"font-weight: 400;\">Three performers confront the obstacles that can arise on the road to a positive self-image. The show focuses on adolescence, a particularly sensitive period for learning to appreciate oneself. By addressing themes of comparison, competition and perfectionism, <\/span><i><span style=\"font-weight: 400;\">imag\u00e9<\/span><\/i><span style=\"font-weight: 400;\"> reveals how our perception of ourselves can drift away from reality until the person in the mirror becomes a stranger. By exploring street dance on the contemporary stage, the piece highlights our neglectful behaviours towards ourselves and finds a life lesson in the diversity found in nature. Through this realization, the power of our uniqueness is revealed.<\/span><\/p>\n<p><a class=\"x-btn x-btn-bouton\" href=\"https:\/\/tangentedanse.ca\/wp-content\/uploads\/2025\/05\/AUT25_CELINE-RICHARD-ROBICHON_Scolaire.pdf\" target=\"_blank\" rel=\"noopener noreferrer\">Click here for more information (in French)<\/a><\/p>\n<div  class=\"x-video embed with-container\" ><div class=\"x-video-inner\"><iframe loading=\"lazy\" title=\"YouTube video player\" src=\"https:\/\/www.youtube-nocookie.com\/embed\/GPeU-50MwQk?si=D4TaHDnoPIq6pGLi\" width=\"560\" height=\"315\" frameborder=\"0\" allowfullscreen=\"allowfullscreen\"><\/iframe><\/div><\/div><hr  class=\"x-gap\" style=\"margin: 1.313em 0 0 0;\"><p><em>Tangente would like to thank Diffusion En Sc\u00e8ne | Th\u00e9\u00e2tre Gilles-Vigneault, partner of our program A Show for Young Audiences. Artist C\u00e9line Richard Robichon benefited from a residency thanks to our partner.<\/em><\/p>\n<\/div><\/div><\/div><div id=\"x-content-band-4\" class=\"x-content-band vc\" style=\"background-color: transparent; padding-top: 0px; padding-bottom: 0px;\"><div class=\"x-container wpb_row\"><div  class=\"x-column x-sm vc x-1-2\" style=\"\" ><h2  class=\"h-custom-headline nmt-d h3\" ><span>Educational Resources (in French)<\/span><\/h2><p>Here are some educational resources to help you prepare for your school trip.<\/p>\n<p><a class=\"x-btn x-btn-bouton\" href=\"https:\/\/tangentedanse.ca\/wp-content\/uploads\/2025\/04\/HIV25_MEDI_Guide-pedagogique-Tangente_250128.pdf\" target=\"_blank\" rel=\"noopener noreferrer\">Discover contemporary dance<\/a><\/p>\n<p><a class=\"x-btn x-btn-bouton\" href=\"https:\/\/tangentedanse.ca\/wp-content\/uploads\/2026\/01\/HIV25_CELINE-RICHARD-ROBICHON_Guide-pedagogique-Image.pdf\" target=\"_blank\" rel=\"noopener noreferrer\">Imag\u00e9: at the crossroads of hip hop and contemporary dance<\/a><\/p>\n<\/div><\/div><\/div><div id=\"x-content-band-5\" class=\"x-content-band vc\" style=\"background-color: transparent; padding-top: 0px; padding-bottom: 0px;\"><div class=\"x-container wpb_row\"><div  class=\"x-column x-sm vc x-1-2\" style=\"\" ><h2  class=\"h-custom-headline nmt-d h3\" ><span>Dance in Your School<\/span><\/h2><p>Thanks to the <a href=\"http:\/\/www.education.gouv.qc.ca\/en\/teachers\/dossiers\/culture-education\/culture-in-the-schools-program\/\" target=\"_blank\" rel=\"noopener noreferrer\"><em>Culture in the Schools<\/em><\/a>\u00a0program, it is easy to carry out a wide range of stimulating activities such as writing dance reviews, making dance videos, putting a show together step by step, or creating a choreography.<\/p>\n<\/div><\/div><\/div><div id=\"x-content-band-6\" class=\"x-content-band vc\" style=\"background-color: transparent; padding-top: 0px; padding-bottom: 0px;\"><div class=\"x-container wpb_row\"><div  class=\"x-column x-sm vc x-1-2\" style=\"display: none;\" ><h2  class=\"h-custom-headline nmt-d h3\" ><span>Distinctions<\/span><\/h2><ul>\n<li class=\"p1\">\n<p class=\"p1\"><span class=\"s1\"><b>The 2016 Essor Recognition Award \u2013<\/b><\/span><strong><b>\u00a0national<br \/>\n<\/b><\/strong>Bourse de la culture awarded to Tangente and the Lucien-Pag\u00e9 high school<\/p>\n<\/li>\n<li class=\"p1\">\n<p class=\"p1\"><strong>Bourse ARRIMAGES 2012<\/strong><br \/>\nAwarded to Tangente and ArtsSc\u00e8ne Montr\u00e9al\u00a0for best cultural outing<\/p>\n<\/li>\n<li class=\"p1\"><strong>Grand Prix du Conseil des arts de Montr\u00e9al 2007<\/strong><br \/>\nAwarded to Tangente<\/li>\n<\/ul>\n<\/div><div  class=\"x-column x-sm vc x-1-2\" style=\"\" ><\/div><\/div><\/div><div id=\"x-content-band-7\" class=\"x-content-band vc\" style=\"background-color: transparent; padding-top: 0px; padding-bottom: 0px;\"><div class=\"x-container wpb_row\"><div  class=\"x-column x-sm vc bloc-vert x-1-2\" style=\"\" ><p><strong>Funding<\/strong><\/p>\n<p>&nbsp;<\/p>\n<p>Tangente is a member of <a href=\"https:\/\/cultureeducation.mcc.gouv.qc.ca\/repertoire\/34402\" target=\"_blank\" rel=\"noopener\">R\u00e9pertoire culture-\u00e9ducation<\/a>!<\/p>\n<p>&nbsp;<\/p>\n<p>Governmental measures are available to fund your cultural activities. For each measure, you should refer to the direction of your institution. The resource person in culture-education for your institution can also support you through the process.<\/p>\n<p>&nbsp;<\/p>\n<p>For more information on funding, please <a href=\"http:\/\/www.education.gouv.qc.ca\/en\/teachers\/dossiers\/culture-education\/\">visit the website of the Minist\u00e8re de l\u2019\u00c9ducation<\/a>.<\/p>\n<\/div><div  class=\"x-column x-sm vc x-1-2\" style=\"\" ><\/div><\/div><\/div><div id=\"x-content-band-8\" class=\"x-content-band vc\" style=\"background-color: transparent; padding-top: 0px; padding-bottom: 0px;\"><div class=\"x-container wpb_row\"><div  class=\"x-column x-sm vc bloc-vert x-1-2\" style=\"\" ><p class=\"titre\" style=\"text-align: left;\"><strong>Information &amp;\u00a0reservation<\/strong><\/p>\n<p style=\"text-align: left;\">Cara Roy<br \/>\nCultural Mediator<br \/>\n514 525-5584 ext. 22<br \/>\n<a href=\"mailto:mediation@tangentedanse.ca\" target=\"_blank\" rel=\"noopener noreferrer\">mediation@tangentedanse.ca<\/a><\/p>\n<\/div><div  class=\"x-column x-sm vc x-1-2\" style=\"\" ><div id=\"x-content-band-9\" class=\"x-content-band vc\" style=\"background-color: transparent; padding-top: 0px; padding-bottom: 0px;\"><div class=\"x-container wpb_row\"><div  class=\"x-column x-sm vc x-1-1\" style=\"\" ><a  class=\"x-img x-img-link\"  href=\"https:\/\/canadacouncil.ca\/\"  target=\"_blank\" rel=\"\"   data-options=\"thumbnail: 'https:\/\/tangentedanse.ca\/wp-content\/uploads\/2018\/07\/CAC-gauche3-01.png'\"><img decoding=\"async\" src=\"https:\/\/tangentedanse.ca\/wp-content\/uploads\/2018\/07\/CAC-gauche3-01.png\" ><\/a><\/div><\/div><\/div><div id=\"x-content-band-10\" class=\"x-content-band vc\" style=\"background-color: transparent; padding-top: 0px; padding-bottom: 0px;\"><div class=\"x-container wpb_row\"><div  class=\"x-column x-sm vc x-1-1\" style=\"\" ><hr  class=\"x-gap\" style=\"margin: 1.313em 0 0 0;\"><\/div><\/div><\/div><div id=\"x-content-band-11\" class=\"x-content-band vc\" style=\"background-color: transparent; padding-top: 0px; padding-bottom: 0px;\"><div class=\"x-container wpb_row\"><div  class=\"x-column x-sm vc x-1-1\" style=\"\" ><a  class=\"x-img x-img-link\"  href=\"http:\/\/www.education.gouv.qc.ca\/en\/ministere-de-leducation-et-de-lenseignement-superieur\/\"  target=\"_blank\" rel=\"\"   data-options=\"thumbnail: 'https:\/\/tangentedanse.ca\/wp-content\/uploads\/2019\/02\/Tangente-Logo-Ministere-Education.png'\"><img decoding=\"async\" src=\"https:\/\/tangentedanse.ca\/wp-content\/uploads\/2019\/02\/Tangente-Logo-Ministere-Education.png\" ><\/a><\/div><\/div><\/div><\/div><\/div><\/div><div id=\"x-content-band-12\" class=\"x-content-band vc\" style=\"background-color: transparent; padding-top: 0px; padding-bottom: 0px;\"><div class=\"x-container wpb_row\"><div  class=\"x-column x-sm vc x-1-4\" style=\"\" ><\/div><div  class=\"x-column x-sm vc x-1-4\" style=\"\" ><\/div><div  class=\"x-column x-sm vc x-1-4\" style=\"\" ><\/div><div  class=\"x-column x-sm vc x-1-4\" style=\"\" ><\/div><\/div><\/div>\n","protected":false},"excerpt":{"rendered":"SchoolsWe love to share our passion for contemporary dance with school groups. Our cultural mediation&hellip;","protected":false},"author":8,"featured_media":0,"parent":0,"menu_order":0,"comment_status":"closed","ping_status":"closed","template":"template-blank-1.php","meta":{"_acf_changed":false,"footnotes":""},"class_list":["post-1152","page","type-page","status-publish","hentry","no-post-thumbnail"],"acf":[],"_links":{"self":[{"href":"https:\/\/tangentedanse.ca\/en\/wp-json\/wp\/v2\/pages\/1152"}],"collection":[{"href":"https:\/\/tangentedanse.ca\/en\/wp-json\/wp\/v2\/pages"}],"about":[{"href":"https:\/\/tangentedanse.ca\/en\/wp-json\/wp\/v2\/types\/page"}],"author":[{"embeddable":true,"href":"https:\/\/tangentedanse.ca\/en\/wp-json\/wp\/v2\/users\/8"}],"replies":[{"embeddable":true,"href":"https:\/\/tangentedanse.ca\/en\/wp-json\/wp\/v2\/comments?post=1152"}],"version-history":[{"count":205,"href":"https:\/\/tangentedanse.ca\/en\/wp-json\/wp\/v2\/pages\/1152\/revisions"}],"predecessor-version":[{"id":40213,"href":"https:\/\/tangentedanse.ca\/en\/wp-json\/wp\/v2\/pages\/1152\/revisions\/40213"}],"wp:attachment":[{"href":"https:\/\/tangentedanse.ca\/en\/wp-json\/wp\/v2\/media?parent=1152"}],"curies":[{"name":"wp","href":"https:\/\/api.w.org\/{rel}","templated":true}]}}